{"id":879,"date":"2021-05-04T17:04:50","date_gmt":"2021-05-04T15:04:50","guid":{"rendered":"https:\/\/laroseraiehotel.ma\/?page_id=879"},"modified":"2025-03-27T14:08:45","modified_gmt":"2025-03-27T13:08:45","slug":"a-propos","status":"publish","type":"page","link":"https:\/\/laroseraiehotel.ma\/index.php\/a-propos\/?lang=fr","title":{"rendered":"\u00e0 propos"},"content":{"rendered":"\t\t<div data-elementor-type=\"wp-post\" data-elementor-id=\"879\" class=\"elementor elementor-879\">\n\t\t\t\t\t\t<section class=\"elementor-section elementor-top-section elementor-element elementor-element-17ec7ee elementor-section-boxed elementor-section-height-default elementor-section-height-default\" data-id=\"17ec7ee\" data-element_type=\"section\" data-settings=\"{&quot;hoteller_ext_is_background_parallax&quot;:&quot;false&quot;,&quot;hoteller_ext_is_background_on_scroll&quot;:&quot;false&quot;}\">\n\t\t\t\t\t\t<div class=\"elementor-container elementor-column-gap-default\">\n\t\t\t\t\t<div class=\"elementor-column elementor-col-100 elementor-top-column elementor-element elementor-element-d6ea1c9\" data-id=\"d6ea1c9\" data-element_type=\"column\" data-settings=\"{&quot;hoteller_ext_link_sidemenu&quot;:&quot;false&quot;,&quot;hoteller_ext_link_fullmenu&quot;:&quot;false&quot;,&quot;hoteller_ext_link_closed_fullmenu&quot;:&quot;false&quot;,&quot;hoteller_ext_is_scrollme&quot;:&quot;false&quot;,&quot;hoteller_ext_is_smoove&quot;:&quot;false&quot;,&quot;hoteller_ext_is_parallax_mouse&quot;:&quot;false&quot;,&quot;hoteller_ext_is_infinite&quot;:&quot;false&quot;,&quot;hoteller_ext_is_fadeout_animation&quot;:&quot;false&quot;,&quot;hoteller_ext_mobile_static&quot;:&quot;false&quot;}\">\n\t\t\t<div class=\"elementor-widget-wrap elementor-element-populated\">\n\t\t\t\t\t\t<div class=\"elementor-element elementor-element-94850aa elementor-invisible elementor-widget elementor-widget-heading\" data-id=\"94850aa\" data-element_type=\"widget\" data-settings=\"{&quot;_animation&quot;:&quot;fadeInUp&quot;,&quot;hoteller_ext_link_sidemenu&quot;:&quot;false&quot;,&quot;hoteller_ext_link_fullmenu&quot;:&quot;false&quot;,&quot;hoteller_ext_link_closed_fullmenu&quot;:&quot;false&quot;,&quot;hoteller_ext_is_scrollme&quot;:&quot;false&quot;,&quot;hoteller_ext_is_smoove&quot;:&quot;false&quot;,&quot;hoteller_ext_is_parallax_mouse&quot;:&quot;false&quot;,&quot;hoteller_ext_is_infinite&quot;:&quot;false&quot;,&quot;hoteller_ext_is_fadeout_animation&quot;:&quot;false&quot;,&quot;hoteller_ext_mobile_static&quot;:&quot;false&quot;}\" data-widget_type=\"heading.default\">\n\t\t\t\t<div class=\"elementor-widget-container\">\n\t\t\t<span class=\"elementor-heading-title elementor-size-default\">Nature & Bien-\u00eatre <\/span>\t\t<\/div>\n\t\t\t\t<\/div>\n\t\t\t\t<div class=\"elementor-element elementor-element-af4ff3d elementor-invisible elementor-widget elementor-widget-heading\" data-id=\"af4ff3d\" data-element_type=\"widget\" data-settings=\"{&quot;_animation&quot;:&quot;fadeInUp&quot;,&quot;_animation_delay&quot;:200,&quot;hoteller_ext_link_sidemenu&quot;:&quot;false&quot;,&quot;hoteller_ext_link_fullmenu&quot;:&quot;false&quot;,&quot;hoteller_ext_link_closed_fullmenu&quot;:&quot;false&quot;,&quot;hoteller_ext_is_scrollme&quot;:&quot;false&quot;,&quot;hoteller_ext_is_smoove&quot;:&quot;false&quot;,&quot;hoteller_ext_is_parallax_mouse&quot;:&quot;false&quot;,&quot;hoteller_ext_is_infinite&quot;:&quot;false&quot;,&quot;hoteller_ext_is_fadeout_animation&quot;:&quot;false&quot;,&quot;hoteller_ext_mobile_static&quot;:&quot;false&quot;}\" data-widget_type=\"heading.default\">\n\t\t\t\t<div class=\"elementor-widget-container\">\n\t\t\t<h2 class=\"elementor-heading-title elementor-size-default\">Domaine De La Roseraie<br\/>\n<\/h2>\t\t<\/div>\n\t\t\t\t<\/div>\n\t\t\t\t<div class=\"elementor-element elementor-element-ed8cb9a elementor-invisible elementor-widget elementor-widget-text-editor\" data-id=\"ed8cb9a\" data-element_type=\"widget\" data-settings=\"{&quot;_animation&quot;:&quot;fadeInUp&quot;,&quot;_animation_delay&quot;:400,&quot;hoteller_ext_link_sidemenu&quot;:&quot;false&quot;,&quot;hoteller_ext_link_fullmenu&quot;:&quot;false&quot;,&quot;hoteller_ext_link_closed_fullmenu&quot;:&quot;false&quot;,&quot;hoteller_ext_is_scrollme&quot;:&quot;false&quot;,&quot;hoteller_ext_is_smoove&quot;:&quot;false&quot;,&quot;hoteller_ext_is_parallax_mouse&quot;:&quot;false&quot;,&quot;hoteller_ext_is_infinite&quot;:&quot;false&quot;,&quot;hoteller_ext_is_fadeout_animation&quot;:&quot;false&quot;,&quot;hoteller_ext_mobile_static&quot;:&quot;false&quot;}\" data-widget_type=\"text-editor.default\">\n\t\t\t\t<div class=\"elementor-widget-container\">\n\t\t\t\t\t\t\t<p>Nich\u00e9 au coeur des terres berb\u00e8res dans le Haut-Atlas, le Domaine de La Roseraie et ses 23 hectares vous accueillent dans un cadre au d\u00e9cor unique et \u00e0 la nature luxuriante.<\/p><p>C\u2019est en 1969 que nait La Roseraie sous l\u2019impulsion d\u2019un homme visionnaire, Abdelkader Fenjiro, veritable pionnier de l\u2019industrie h\u00f4telli\u00e8re marocaine.<\/p><p><strong>Il<\/strong> d\u00e9couvre le <strong>D<\/strong>omaine pour lequel il laisse derri\u00e8re lui le confort <strong>de la prestigieuse <\/strong>Mamounia qu\u2019il dirigeait alors en tant que premier Directeur G\u00e9n\u00e9ral <strong>M<\/strong>arocain depuis l\u2019ind\u00e9pendance du pays.<\/p><p>Passion\u00e9 par la nature et l\u2019environnement, il souhaite alors cr\u00e9er un lieu d\u00e9di\u00e9 au bien-\u00eatre et au ressourcement en puisant le terroir local et la tradition berb\u00e8re.<\/p><p>Il s\u2019implique alors corps et \u00e2me dans ce nouveau d\u00e9fi et recrute dans les villages avoisinants tout en formant des g\u00e9n\u00e9rations enti\u00e8res \u00e0 l\u2019h\u00f4tellerie moderne.<\/p><p>Au fil du temps, La Roseraie n\u2019a cess\u00e9 de grandir et de <strong>s\u2019embellir <\/strong>pour devenir ce domaine exceptionnel, toujours soucieuse de pr\u00e9server l\u2019harmonie ainsi que la culture locale.<\/p>\t\t\t\t\t\t<\/div>\n\t\t\t\t<\/div>\n\t\t\t\t\t<\/div>\n\t\t<\/div>\n\t\t\t\t\t<\/div>\n\t\t<\/section>\n\t\t\t\t<section class=\"elementor-section elementor-top-section elementor-element elementor-element-05c7b67 elementor-section-full_width elementor-section-stretched elementor-section-height-default elementor-section-height-default elementor-invisible\" data-id=\"05c7b67\" data-element_type=\"section\" data-settings=\"{&quot;animation&quot;:&quot;fadeIn&quot;,&quot;animation_tablet&quot;:&quot;fadeIn&quot;,&quot;stretch_section&quot;:&quot;section-stretched&quot;,&quot;hoteller_ext_is_background_parallax&quot;:&quot;false&quot;,&quot;hoteller_ext_is_background_on_scroll&quot;:&quot;false&quot;}\">\n\t\t\t\t\t\t<div class=\"elementor-container elementor-column-gap-default\">\n\t\t\t\t\t<div class=\"elementor-column elementor-col-100 elementor-top-column elementor-element elementor-element-fcd73ff\" data-id=\"fcd73ff\" data-element_type=\"column\" data-settings=\"{&quot;hoteller_ext_link_sidemenu&quot;:&quot;false&quot;,&quot;hoteller_ext_link_fullmenu&quot;:&quot;false&quot;,&quot;hoteller_ext_link_closed_fullmenu&quot;:&quot;false&quot;,&quot;hoteller_ext_is_scrollme&quot;:&quot;false&quot;,&quot;hoteller_ext_is_smoove&quot;:&quot;false&quot;,&quot;hoteller_ext_is_parallax_mouse&quot;:&quot;false&quot;,&quot;hoteller_ext_is_infinite&quot;:&quot;false&quot;,&quot;hoteller_ext_is_fadeout_animation&quot;:&quot;false&quot;,&quot;hoteller_ext_mobile_static&quot;:&quot;false&quot;}\">\n\t\t\t<div class=\"elementor-widget-wrap elementor-element-populated\">\n\t\t\t\t\t\t<div class=\"elementor-element elementor-element-b04d129 elementor-widget elementor-widget-hoteller-timeline\" data-id=\"b04d129\" data-element_type=\"widget\" data-settings=\"{&quot;hoteller_ext_link_sidemenu&quot;:&quot;false&quot;,&quot;hoteller_ext_link_fullmenu&quot;:&quot;false&quot;,&quot;hoteller_ext_link_closed_fullmenu&quot;:&quot;false&quot;,&quot;hoteller_ext_is_scrollme&quot;:&quot;false&quot;,&quot;hoteller_ext_is_smoove&quot;:&quot;false&quot;,&quot;hoteller_ext_is_parallax_mouse&quot;:&quot;false&quot;,&quot;hoteller_ext_is_infinite&quot;:&quot;false&quot;,&quot;hoteller_ext_is_fadeout_animation&quot;:&quot;false&quot;,&quot;hoteller_ext_mobile_static&quot;:&quot;false&quot;}\" data-widget_type=\"hoteller-timeline.default\">\n\t\t\t\t<div class=\"elementor-widget-container\">\n\t\t\t<div class=\"timeline_wrapper\">\n\t\t<div class=\"timeline_entry \">\n\t\t\t<div class=\"timeline_title\">\n\t\t\t\t\t\t\t\t\t<div class=\"timeline_image\"><img decoding=\"async\" src=\"https:\/\/laroseraiehotel.ma\/wp-content\/uploads\/2021\/09\/PHOTO-2021-09-05-14-09-01.jpg\" alt=\"\"\/><\/div>\n\t\t\t\t\t\t\t\t<h3>Du Commencement \u00e0 Aujourd&#039;hui <\/h3>\n\t\t\t<\/div>\n\t\t\t<div class=\"timeline_body\"><p>Notre fondateur, Abdelkader Fenjiro, accomapgn\u00e9 par notre mascotte, Oups. La Roseraie, 2021. <\/p><\/div>\n\t\t<\/div>\n\t\t<div class=\"timeline_entry \">\n\t\t\t<div class=\"timeline_title\">\n\t\t\t\t\t\t\t\t\t<div class=\"timeline_image\"><img decoding=\"async\" src=\"https:\/\/laroseraiehotel.ma\/wp-content\/uploads\/2021\/09\/807D5326-8A19-4C50-880D-D22393F04CF6_1_201_a-768x565.jpeg\" alt=\"\"\/><\/div>\n\t\t\t\t\t\t\t\t<h3>D\u00e9but des 70\u2019s<\/h3>\n\t\t\t<\/div>\n\t\t\t<div class=\"timeline_body\"><p>Nos premiers potagers \u00e0 l&#039;origine et la naissance de notre engagement pr\u00e9curseur au mouvement de la ferme \u00e0 la table <\/p><\/div>\n\t\t<\/div>\n\t\t<div class=\"timeline_entry \">\n\t\t\t<div class=\"timeline_title\">\n\t\t\t\t\t\t\t\t\t<div class=\"timeline_image\"><img decoding=\"async\" src=\"https:\/\/laroseraiehotel.ma\/wp-content\/uploads\/2021\/09\/DEE5605D-99A5-4808-8823-16677154646A_1_201_a-768x1116.jpeg\" alt=\"\"\/><\/div>\n\t\t\t\t\t\t\t\t<h3>1971<\/h3>\n\t\t\t<\/div>\n\t\t\t<div class=\"timeline_body\"><p>Premi\u00e8re salle \u00e0 manger dans un th\u00e8me vintage<\/p><\/div>\n\t\t<\/div>\n\t\t<div class=\"timeline_entry \">\n\t\t\t<div class=\"timeline_title\">\n\t\t\t\t\t\t\t\t\t<div class=\"timeline_image\"><img decoding=\"async\" src=\"https:\/\/laroseraiehotel.ma\/wp-content\/uploads\/2021\/09\/3D419616-DD33-47E7-B26E-F64751DD549E_1_201_a-768x870.jpeg\" alt=\"\"\/><\/div>\n\t\t\t\t\t\t\t\t<h3><\/h3>\n\t\t\t<\/div>\n\t\t\t<div class=\"timeline_body\"><p>Version originale de notre iconique piscine centrale, creus\u00e9e et b\u00e2tie \u00e0 la main par notre \u00e9quipe locale<\/p><\/div>\n\t\t<\/div>\n\t\t<div class=\"timeline_entry \">\n\t\t\t<div class=\"timeline_title\">\n\t\t\t\t\t\t\t\t\t<div class=\"timeline_image\"><img decoding=\"async\" src=\"https:\/\/laroseraiehotel.ma\/wp-content\/uploads\/2021\/09\/85797A77-D963-4E7E-AE6F-61D4F22B25C6_1_201_a-768x588.jpeg\" alt=\"\"\/><\/div>\n\t\t\t\t\t\t\t\t<h3><\/h3>\n\t\t\t<\/div>\n\t\t\t<div class=\"timeline_body\"><p>Panorama de la Vall\u00e9e du N&#039;fis dans son \u00e9tat pur et pr\u00e9serv\u00e9 <\/p><\/div>\n\t\t<\/div>\n<\/div><br class=\"clear\"\/>\n\t\t<\/div>\n\t\t\t\t<\/div>\n\t\t\t\t\t<\/div>\n\t\t<\/div>\n\t\t\t\t\t<\/div>\n\t\t<\/section>\n\t\t\t\t<section class=\"elementor-section elementor-top-section elementor-element elementor-element-580d2f9e elementor-section-stretched elementor-section-boxed elementor-section-height-default elementor-section-height-default\" data-id=\"580d2f9e\" data-element_type=\"section\" data-settings=\"{&quot;stretch_section&quot;:&quot;section-stretched&quot;,&quot;background_background&quot;:&quot;classic&quot;,&quot;hoteller_ext_is_background_parallax&quot;:&quot;false&quot;,&quot;hoteller_ext_is_background_on_scroll&quot;:&quot;false&quot;}\">\n\t\t\t\t\t\t<div class=\"elementor-container elementor-column-gap-default\">\n\t\t\t\t\t<div class=\"elementor-column elementor-col-100 elementor-top-column elementor-element elementor-element-412d4bb8\" data-id=\"412d4bb8\" data-element_type=\"column\" data-settings=\"{&quot;hoteller_ext_link_sidemenu&quot;:&quot;false&quot;,&quot;hoteller_ext_link_fullmenu&quot;:&quot;false&quot;,&quot;hoteller_ext_link_closed_fullmenu&quot;:&quot;false&quot;,&quot;hoteller_ext_is_scrollme&quot;:&quot;false&quot;,&quot;hoteller_ext_is_smoove&quot;:&quot;false&quot;,&quot;hoteller_ext_is_parallax_mouse&quot;:&quot;false&quot;,&quot;hoteller_ext_is_infinite&quot;:&quot;false&quot;,&quot;hoteller_ext_is_fadeout_animation&quot;:&quot;false&quot;,&quot;hoteller_ext_mobile_static&quot;:&quot;false&quot;}\">\n\t\t\t<div class=\"elementor-widget-wrap elementor-element-populated\">\n\t\t\t\t\t\t<div class=\"elementor-element elementor-element-bd42e36 elementor-invisible elementor-widget elementor-widget-heading\" data-id=\"bd42e36\" data-element_type=\"widget\" data-settings=\"{&quot;_animation&quot;:&quot;fadeInUp&quot;,&quot;hoteller_ext_link_sidemenu&quot;:&quot;false&quot;,&quot;hoteller_ext_link_fullmenu&quot;:&quot;false&quot;,&quot;hoteller_ext_link_closed_fullmenu&quot;:&quot;false&quot;,&quot;hoteller_ext_is_scrollme&quot;:&quot;false&quot;,&quot;hoteller_ext_is_smoove&quot;:&quot;false&quot;,&quot;hoteller_ext_is_parallax_mouse&quot;:&quot;false&quot;,&quot;hoteller_ext_is_infinite&quot;:&quot;false&quot;,&quot;hoteller_ext_is_fadeout_animation&quot;:&quot;false&quot;,&quot;hoteller_ext_mobile_static&quot;:&quot;false&quot;}\" data-widget_type=\"heading.default\">\n\t\t\t\t<div class=\"elementor-widget-container\">\n\t\t\t<span class=\"elementor-heading-title elementor-size-default\">Lieux \u00e0 proximit\u00e9<\/span>\t\t<\/div>\n\t\t\t\t<\/div>\n\t\t\t\t<div class=\"elementor-element elementor-element-4562b454 elementor-invisible elementor-widget elementor-widget-heading\" data-id=\"4562b454\" data-element_type=\"widget\" data-settings=\"{&quot;_animation&quot;:&quot;fadeInUp&quot;,&quot;_animation_delay&quot;:200,&quot;hoteller_ext_link_sidemenu&quot;:&quot;false&quot;,&quot;hoteller_ext_link_fullmenu&quot;:&quot;false&quot;,&quot;hoteller_ext_link_closed_fullmenu&quot;:&quot;false&quot;,&quot;hoteller_ext_is_scrollme&quot;:&quot;false&quot;,&quot;hoteller_ext_is_smoove&quot;:&quot;false&quot;,&quot;hoteller_ext_is_parallax_mouse&quot;:&quot;false&quot;,&quot;hoteller_ext_is_infinite&quot;:&quot;false&quot;,&quot;hoteller_ext_is_fadeout_animation&quot;:&quot;false&quot;,&quot;hoteller_ext_mobile_static&quot;:&quot;false&quot;}\" data-widget_type=\"heading.default\">\n\t\t\t\t<div class=\"elementor-widget-container\">\n\t\t\t<h2 class=\"elementor-heading-title elementor-size-default\">Explorez et d\u00e9couvrez <br\/> les lieux magiques \u00e0 proximit\u00e9 de notre h\u00f4tel<\/h2>\t\t<\/div>\n\t\t\t\t<\/div>\n\t\t\t\t<div class=\"elementor-element elementor-element-3c0a843e elementor-invisible elementor-widget elementor-widget-heading\" data-id=\"3c0a843e\" data-element_type=\"widget\" data-settings=\"{&quot;_animation&quot;:&quot;fadeInUp&quot;,&quot;_animation_delay&quot;:400,&quot;hoteller_ext_link_sidemenu&quot;:&quot;false&quot;,&quot;hoteller_ext_link_fullmenu&quot;:&quot;false&quot;,&quot;hoteller_ext_link_closed_fullmenu&quot;:&quot;false&quot;,&quot;hoteller_ext_is_scrollme&quot;:&quot;false&quot;,&quot;hoteller_ext_is_smoove&quot;:&quot;false&quot;,&quot;hoteller_ext_is_parallax_mouse&quot;:&quot;false&quot;,&quot;hoteller_ext_is_infinite&quot;:&quot;false&quot;,&quot;hoteller_ext_is_fadeout_animation&quot;:&quot;false&quot;,&quot;hoteller_ext_mobile_static&quot;:&quot;false&quot;}\" data-widget_type=\"heading.default\">\n\t\t\t\t<div class=\"elementor-widget-container\">\n\t\t\t<span class=\"elementor-heading-title elementor-size-default\">Explorez la Vall\u00e9e de Ouirgane<\/span>\t\t<\/div>\n\t\t\t\t<\/div>\n\t\t\t\t<div class=\"elementor-element elementor-element-3a39597f elementor-invisible elementor-widget elementor-widget-text-editor\" data-id=\"3a39597f\" data-element_type=\"widget\" data-settings=\"{&quot;_animation&quot;:&quot;fadeInUp&quot;,&quot;_animation_delay&quot;:600,&quot;hoteller_ext_link_sidemenu&quot;:&quot;false&quot;,&quot;hoteller_ext_link_fullmenu&quot;:&quot;false&quot;,&quot;hoteller_ext_link_closed_fullmenu&quot;:&quot;false&quot;,&quot;hoteller_ext_is_scrollme&quot;:&quot;false&quot;,&quot;hoteller_ext_is_smoove&quot;:&quot;false&quot;,&quot;hoteller_ext_is_parallax_mouse&quot;:&quot;false&quot;,&quot;hoteller_ext_is_infinite&quot;:&quot;false&quot;,&quot;hoteller_ext_is_fadeout_animation&quot;:&quot;false&quot;,&quot;hoteller_ext_mobile_static&quot;:&quot;false&quot;}\" data-widget_type=\"text-editor.default\">\n\t\t\t\t<div class=\"elementor-widget-container\">\n\t\t\t\t\t\t\t<p class=\"p1\">D\u00e9couvrez la magie du Haut-Atlas et de la vall\u00e9e de Ouirgane et agr\u00e9mentez votre s\u00e9jour \u00e0 travers des activit\u00e9s culturelles, sportives et de remise en forme.<\/p>\t\t\t\t\t\t<\/div>\n\t\t\t\t<\/div>\n\t\t\t\t<div class=\"elementor-element elementor-element-1483cbd3 elementor-invisible elementor-widget elementor-widget-hoteller-slider-synchronized-carousel\" data-id=\"1483cbd3\" data-element_type=\"widget\" data-settings=\"{&quot;_animation&quot;:&quot;fadeIn&quot;,&quot;_animation_delay&quot;:800,&quot;hoteller_ext_link_sidemenu&quot;:&quot;false&quot;,&quot;hoteller_ext_link_fullmenu&quot;:&quot;false&quot;,&quot;hoteller_ext_link_closed_fullmenu&quot;:&quot;false&quot;,&quot;hoteller_ext_is_scrollme&quot;:&quot;false&quot;,&quot;hoteller_ext_is_smoove&quot;:&quot;false&quot;,&quot;hoteller_ext_is_parallax_mouse&quot;:&quot;false&quot;,&quot;hoteller_ext_is_infinite&quot;:&quot;false&quot;,&quot;hoteller_ext_is_fadeout_animation&quot;:&quot;false&quot;,&quot;hoteller_ext_mobile_static&quot;:&quot;false&quot;}\" data-widget_type=\"hoteller-slider-synchronized-carousel.default\">\n\t\t\t\t<div class=\"elementor-widget-container\">\n\t\t\t<div id=\"tg_synchronized_carousel_slider_1483cbd3\" data-pagination=\"tg_synchronized_carousel_pagination_1483cbd3\" class=\"tg_synchronized_carousel_slider_wrapper sliders-container \" data-countslide=\"4\" data-slidetitles=\"[&quot;&quot;,&quot;&quot;,&quot;Visite de la Mosqu\\u00e9e de Tinmel &quot;,&quot;Visite du Village d\\u2019Imlil et le Parc National du Toubkal&quot;]\" data-slideimages=\"[&quot;https:\\\/\\\/laroseraiehotel.ma\\\/wp-content\\\/uploads\\\/2021\\\/09\\\/DSC_3389-768x511.jpg&quot;,&quot;https:\\\/\\\/laroseraiehotel.ma\\\/wp-content\\\/uploads\\\/2021\\\/09\\\/ROS6391-768x511.jpg&quot;,&quot;https:\\\/\\\/laroseraiehotel.ma\\\/wp-content\\\/uploads\\\/2021\\\/05\\\/mosquee-Tinmel.jpg&quot;,&quot;https:\\\/\\\/laroseraiehotel.ma\\\/wp-content\\\/uploads\\\/2021\\\/09\\\/B0073532-0589-4FB8-A654-1B9F53E31202_1_201_a-768x511.jpeg&quot;]\" data-slidebuttontitles=\"[&quot;&quot;,&quot;&quot;,&quot;&quot;,&quot;&quot;]\" data-slidebuttonurls=\"[&quot;&quot;,&quot;&quot;,&quot;&quot;,&quot;&quot;]\">\n\t<ul id=\"tg_synchronized_carousel_pagination_1483cbd3\" class=\"tg_synchronized_carousel_pagination\">\n\t\n\t\t<li class=\"pagination__item\"><a class=\"pagination__button\"><\/a><\/li>\n\t\t<li class=\"pagination__item\"><a class=\"pagination__button\"><\/a><\/li>\n\t\t<li class=\"pagination__item\"><a class=\"pagination__button\"><\/a><\/li>\n\t\t<li class=\"pagination__item\"><a class=\"pagination__button\"><\/a><\/li>\n\t<\/ul>\n<\/div>\n<br class=\"clear\"\/>\n\t\t<\/div>\n\t\t\t\t<\/div>\n\t\t\t\t\t<\/div>\n\t\t<\/div>\n\t\t\t\t\t<\/div>\n\t\t<\/section>\n\t\t\t\t<\/div>\n\t\t","protected":false},"excerpt":{"rendered":"<p>Nature &#038; Bien-\u00eatre Domaine De La Roseraie Nich\u00e9 au coeur des terres berb\u00e8res dans le Haut-Atlas, le Domaine de La Roseraie et ses 23 hectares vous accueillent dans un cadre au d\u00e9cor unique et \u00e0 la nature luxuriante. C\u2019est en [&hellip;]<\/p>\n","protected":false},"author":2,"featured_media":0,"parent":0,"menu_order":0,"comment_status":"closed","ping_status":"closed","template":"","meta":{"footnotes":""},"class_list":["post-879","page","type-page","status-publish","hentry"],"_links":{"self":[{"href":"https:\/\/laroseraiehotel.ma\/index.php\/wp-json\/wp\/v2\/pages\/879","targetHints":{"allow":["GET"]}}],"collection":[{"href":"https:\/\/laroseraiehotel.ma\/index.php\/wp-json\/wp\/v2\/pages"}],"about":[{"href":"https:\/\/laroseraiehotel.ma\/index.php\/wp-json\/wp\/v2\/types\/page"}],"author":[{"embeddable":true,"href":"https:\/\/laroseraiehotel.ma\/index.php\/wp-json\/wp\/v2\/users\/2"}],"replies":[{"embeddable":true,"href":"https:\/\/laroseraiehotel.ma\/index.php\/wp-json\/wp\/v2\/comments?post=879"}],"version-history":[{"count":60,"href":"https:\/\/laroseraiehotel.ma\/index.php\/wp-json\/wp\/v2\/pages\/879\/revisions"}],"predecessor-version":[{"id":3546,"href":"https:\/\/laroseraiehotel.ma\/index.php\/wp-json\/wp\/v2\/pages\/879\/revisions\/3546"}],"wp:attachment":[{"href":"https:\/\/laroseraiehotel.ma\/index.php\/wp-json\/wp\/v2\/media?parent=879"}],"curies":[{"name":"wp","href":"https:\/\/api.w.org\/{rel}","templated":true}]}}